{"id":24621,"date":"2025-01-21T22:51:59","date_gmt":"2025-01-22T04:51:59","guid":{"rendered":"https:\/\/digitalspace.mx\/?post_type=product&#038;p=24621"},"modified":"2025-03-02T23:06:32","modified_gmt":"2025-03-03T05:06:32","slug":"dsu-pdwq","status":"publish","type":"product","link":"https:\/\/digitalspace.mx\/en\/product\/dsu-pdwq\/","title":{"rendered":"Paquete de Desarrollo de Sitio Web Quantum &#8211; WordPress (One Page Style)"},"content":{"rendered":"<h3 data-start=\"101\" data-end=\"126\"><strong data-start=\"105\" data-end=\"124\">Paquete Quantum<\/strong><\/h3>\n<p data-start=\"127\" data-end=\"165\">Tu presencia digital empieza aqu\u00ed \ud83c\udf10<\/p>\n<p data-start=\"167\" data-end=\"279\">Un sitio web profesional, r\u00e1pido y dise\u00f1ado para destacar con la tecnolog\u00eda de <strong data-start=\"246\" data-end=\"276\">WordPress (One Page Style)<\/strong>.<\/p>\n<h4 data-start=\"281\" data-end=\"294\">Incluye:<\/h4>\n<ul data-start=\"295\" data-end=\"636\">\n<li data-start=\"295\" data-end=\"339\">Dise\u00f1o personalizado estilo <strong data-start=\"325\" data-end=\"337\">One Page<\/strong><\/li>\n<li data-start=\"340\" data-end=\"362\">Dominio .com o .mx (1 A\u00f1o)<\/li>\n<li data-start=\"363\" data-end=\"403\">Correo corporativo personalizado<\/li>\n<li data-start=\"404\" data-end=\"432\">Certificado SSL gratuito<\/li>\n<li data-start=\"433\" data-end=\"475\">Optimizaci\u00f3n para m\u00f3viles y SEO b\u00e1sico<\/li>\n<li data-start=\"476\" data-end=\"519\">Panel de administraci\u00f3n autogestionable<\/li>\n<li data-start=\"520\" data-end=\"636\"><strong data-start=\"522\" data-end=\"541\">Hosting Quantum<\/strong><br data-start=\"541\" data-end=\"544\" \/>\ud83d\udd39 512MB RAM<br data-start=\"559\" data-end=\"562\" \/>\ud83d\udd39 1vCPU<br data-start=\"573\" data-end=\"576\" \/>\ud83d\udd39 10GB de almacenamiento<br data-start=\"604\" data-end=\"607\" \/>\ud83d\udd39 5TB de ancho de banda<\/li>\n<\/ul>\n<p data-start=\"638\" data-end=\"717\"><strong data-start=\"638\" data-end=\"715\">Pago \u00fanico + mensualidad accesible para mantener tu sitio siempre activo.<\/strong><\/p>\n<p data-start=\"719\" data-end=\"771\">\ud83d\ude80 \u00a1Haz que tu negocio viva en internet desde hoy!<\/p>","protected":false},"excerpt":{"rendered":"<p>Paquete Quantum Tu presencia digital empieza aqu\u00ed \ud83c\udf10 Un sitio web profesional, r\u00e1pido y dise\u00f1ado para destacar con la tecnolog\u00eda de WordPress (One Page Style). Incluye: Dise\u00f1o personalizado estilo One Page Dominio .com o .mx (1 A\u00f1o) Correo corporativo personalizado Certificado SSL gratuito Optimizaci\u00f3n para m\u00f3viles y SEO b\u00e1sico Panel de administraci\u00f3n autogestionable Hosting Quantum\ud83d\udd39 [&hellip;]<\/p>","protected":false},"featured_media":22652,"comment_status":"closed","ping_status":"closed","template":"","meta":{"wds_primary_product_cat":0,"wds_primary_fb_product_set":0},"product_cat":[196,195],"product_tag":[202],"class_list":{"0":"post-24621","1":"product","2":"type-product","3":"status-publish","4":"has-post-thumbnail","6":"product_cat-diseno-web","7":"product_cat-plataforma","8":"product_tag-wordpress","10":"first","11":"instock","12":"virtual","13":"sold-individually","14":"taxable","15":"purchasable","16":"product-type-bundle"},"composite_virtual":false,"composite_layout":"","composite_add_to_cart_form_location":"","composite_editable_in_cart":false,"composite_sold_individually_context":"","composite_shop_price_calc":"","composite_components":[],"composite_scenarios":[],"bundled_by":[],"bundle_stock_status":"instock","bundle_stock_quantity":"","bundle_virtual":true,"bundle_layout":"default","bundle_add_to_cart_form_location":"default","bundle_editable_in_cart":false,"bundle_sold_individually_context":"product","bundle_item_grouping":"noindent","bundle_min_size":"","bundle_max_size":"","bundle_price":{"price":{"min":{"incl_tax":"3480","excl_tax":"3000"},"max":{"incl_tax":"3480","excl_tax":"3000"}},"regular_price":{"min":{"incl_tax":"3480","excl_tax":"3000"},"max":{"incl_tax":"3480","excl_tax":"3000"}}},"bundled_items":[{"bundled_item_id":13,"product_id":24388,"menu_order":0,"quantity_min":1,"quantity_max":1,"quantity_default":1,"priced_individually":true,"shipped_individually":true,"override_title":false,"title":"Hosting Quantum - 512MB, 1vCPU, 5TB Bandwidth, 10GB Storage (WordPress)","override_description":false,"description":"","optional":false,"hide_thumbnail":false,"discount":"","override_variations":false,"allowed_variations":[],"override_default_variation_attributes":false,"default_variation_attributes":[],"single_product_visibility":"visible","cart_visibility":"visible","order_visibility":"visible","single_product_price_visibility":"visible","cart_price_visibility":"visible","order_price_visibility":"visible","stock_status":"in_stock"}],"bundle_sell_ids":[],"exclude_global_add_ons":[],"addons":[],"_links":{"self":[{"href":"https:\/\/digitalspace.mx\/en\/wp-json\/wp\/v2\/product\/24621","targetHints":{"allow":["GET"]}}],"collection":[{"href":"https:\/\/digitalspace.mx\/en\/wp-json\/wp\/v2\/product"}],"about":[{"href":"https:\/\/digitalspace.mx\/en\/wp-json\/wp\/v2\/types\/product"}],"replies":[{"embeddable":true,"href":"https:\/\/digitalspace.mx\/en\/wp-json\/wp\/v2\/comments?post=24621"}],"wp:featuredmedia":[{"embeddable":true,"href":"https:\/\/digitalspace.mx\/en\/wp-json\/wp\/v2\/media\/22652"}],"wp:attachment":[{"href":"https:\/\/digitalspace.mx\/en\/wp-json\/wp\/v2\/media?parent=24621"}],"wp:term":[{"taxonomy":"product_cat","embeddable":true,"href":"https:\/\/digitalspace.mx\/en\/wp-json\/wp\/v2\/product_cat?post=24621"},{"taxonomy":"product_tag","embeddable":true,"href":"https:\/\/digitalspace.mx\/en\/wp-json\/wp\/v2\/product_tag?post=24621"}],"curies":[{"name":"wp","href":"https:\/\/api.w.org\/{rel}","templated":true}]}}