{"id":25599,"date":"2025-02-02T22:43:37","date_gmt":"2025-02-03T04:43:37","guid":{"rendered":"https:\/\/digitalspace.mx\/?page_id=25599"},"modified":"2025-02-05T21:30:15","modified_gmt":"2025-02-06T03:30:15","slug":"custom","status":"publish","type":"page","link":"https:\/\/digitalspace.mx\/en\/pricing\/web-development\/custom\/","title":{"rendered":"Desarrollo Personalizado"},"content":{"rendered":"<div data-elementor-type=\"wp-page\" data-elementor-id=\"25599\" class=\"elementor elementor-25599\">\n\t\t\t\t\t\t<section class=\"elementor-section elementor-top-section elementor-element elementor-element-2b9069ba elementor-section-stretched elementor-section-height-full elementor-section-content-middle elementor-section-full_width elementor-section-height-default elementor-section-items-middle\" data-id=\"2b9069ba\" data-element_type=\"section\" data-settings=\"{&quot;stretch_section&quot;:&quot;section-stretched&quot;,&quot;background_background&quot;:&quot;classic&quot;}\">\n\t\t\t\t\t\t\t<div class=\"elementor-background-overlay\"><\/div>\n\t\t\t\t\t\t\t<div class=\"elementor-container elementor-column-gap-default\">\n\t\t\t\t\t<div class=\"elementor-column elementor-col-100 elementor-top-column elementor-element elementor-element-64c4aaa5\" data-id=\"64c4aaa5\" data-element_type=\"column\">\n\t\t\t<div class=\"elementor-widget-wrap elementor-element-populated\">\n\t\t\t\t\t\t<div class=\"elementor-element elementor-element-6a30bde2 animated-slow elementor-widget__width-initial elementor-widget-tablet__width-inherit elementor-invisible elementor-widget elementor-widget-heading\" data-id=\"6a30bde2\" data-element_type=\"widget\" data-settings=\"{&quot;_animation&quot;:&quot;fadeInUp&quot;}\" data-widget_type=\"heading.default\">\n\t\t\t\t<div class=\"elementor-widget-container\">\n\t\t\t\t\t<h3 class=\"around-elementor-heading__title default elementor-heading-title elementor-size-default\">\ud83d\ude80 Transformamos tus ideas<\/h3>\t\t\t\t<\/div>\n\t\t\t\t<\/div>\n\t\t\t\t<div class=\"elementor-element elementor-element-5851ff7e elementor-widget-tablet__width-inherit elementor-invisible elementor-widget elementor-widget-heading\" data-id=\"5851ff7e\" data-element_type=\"widget\" data-settings=\"{&quot;_animation&quot;:&quot;zoomIn&quot;}\" data-widget_type=\"heading.default\">\n\t\t\t\t<div class=\"elementor-widget-container\">\n\t\t\t\t\t<h1 class=\"around-elementor-heading__title default elementor-heading-title elementor-size-default\">Servicios Expertos<\/h1>\t\t\t\t<\/div>\n\t\t\t\t<\/div>\n\t\t\t\t\t<\/div>\n\t\t<\/div>\n\t\t\t\t\t<\/div>\n\t\t<\/section>\n\t\t<div class=\"elementor-element elementor-element-2e00b2c e-flex e-con-boxed e-con e-parent\" data-id=\"2e00b2c\" data-element_type=\"container\">\n\t\t\t\t\t<div class=\"e-con-inner\">\n\t\t\t\t<div class=\"elementor-element elementor-element-a8e2e20 elementor-widget elementor-widget-heading\" data-id=\"a8e2e20\" data-element_type=\"widget\" data-widget_type=\"heading.default\">\n\t\t\t\t<div class=\"elementor-widget-container\">\n\t\t\t\t\t<h2 class=\"around-elementor-heading__title default elementor-heading-title elementor-size-default\">Cotizaci\u00f3n de Proyectos<\/h2>\t\t\t\t<\/div>\n\t\t\t\t<\/div>\n\t\t\t\t<div class=\"elementor-element elementor-element-aa30f8e elementor-widget elementor-widget-shortcode\" data-id=\"aa30f8e\" data-element_type=\"widget\" data-widget_type=\"shortcode.default\">\n\t\t\t\t<div class=\"elementor-widget-container\">\n\t\t\t\t\t\t\t<div class=\"elementor-shortcode\"><form id=\"forminator-module-25612\" class=\"forminator-custom-form forminator-custom-form-25612\" method=\"post\" data-forminator-render=\"0\" data-uid=\"69f0ddb38cae2\" action=\"\"><div role=\"alert\" aria-live=\"polite\" class=\"forminator-response-message forminator-error\" aria-hidden=\"true\"><\/div><input type=\"hidden\" name=\"trp-form-language\" value=\"en\"\/><\/form><\/div>\n\t\t\t\t\t\t<\/div>\n\t\t\t\t<\/div>\n\t\t\t\t\t<\/div>\n\t\t\t\t<\/div>\n\t\t\t\t<section class=\"elementor-section elementor-top-section elementor-element elementor-element-3b9a5071 elementor-section-full_width p-0 pt-lg-0 elementor-section-height-default elementor-section-height-default\" data-id=\"3b9a5071\" data-element_type=\"section\" id=\"plans\">\n\t\t\t\t\t\t<div class=\"elementor-container elementor-column-gap-default p-0\">\n\t\t\t\t\t<div class=\"elementor-column elementor-col-100 elementor-top-column elementor-element elementor-element-42a304f6 p-0\" data-id=\"42a304f6\" data-element_type=\"column\">\n\t\t\t<div class=\"elementor-widget-wrap elementor-element-populated\">\n\t\t\t\t\t\t<div class=\"elementor-element elementor-element-22626150 mb-0 elementor-widget elementor-widget-heading\" data-id=\"22626150\" data-element_type=\"widget\" data-widget_type=\"heading.default\">\n\t\t\t\t<div class=\"elementor-widget-container\">\n\t\t\t\t\t<h2 class=\"around-elementor-heading__title d-block bg-gradient text-light text-center py-6 px-3 mb-6 default elementor-heading-title elementor-size-default\">Servicios Adicionales<\/h2>\t\t\t\t<\/div>\n\t\t\t\t<\/div>\n\t\t\t\t<div class=\"elementor-element elementor-element-210b422 mb-0 elementor-widget elementor-widget-heading\" data-id=\"210b422\" data-element_type=\"widget\" data-widget_type=\"heading.default\">\n\t\t\t\t<div class=\"elementor-widget-container\">\n\t\t\t\t\t<h2 class=\"around-elementor-heading__title default elementor-heading-title elementor-size-default\">Nuestros experimentados expertos internos en WordPress se encargar\u00e1n de los problemas complejos o problem\u00e1ticos del sitio para que usted no tenga que hacerlo.<\/h2>\t\t\t\t<\/div>\n\t\t\t\t<\/div>\n\t\t\t\t\t<\/div>\n\t\t<\/div>\n\t\t\t\t\t<\/div>\n\t\t<\/section>\n\t\t<div class=\"elementor-element elementor-element-3213494 e-flex e-con-boxed e-con e-parent\" data-id=\"3213494\" data-element_type=\"container\">\n\t\t\t\t\t<div class=\"e-con-inner\">\n\t\t\t\t<div class=\"elementor-element elementor-element-070288a elementor-arrows-false elementor-pagination-yes elementor-widget elementor-widget-ar-cards-carousel\" data-id=\"070288a\" data-element_type=\"widget\" data-settings=\"{&quot;controls&quot;:&quot;false&quot;,&quot;nav&quot;:&quot;yes&quot;,&quot;autoplay&quot;:&quot;no&quot;}\" data-widget_type=\"ar-cards-carousel.default\">\n\t\t\t\t<div class=\"elementor-widget-container\">\n\t\t\t\t\t            <div class=\"cs-carousel\">\n                <div class=\"cs-carousel-inner\" data-carousel-options=\"{&quot;nav&quot;:true,&quot;controls&quot;:false,&quot;autoplay&quot;:false,&quot;items&quot;:3,&quot;gutter&quot;:24,&quot;responsive&quot;:{&quot;0&quot;:{&quot;items&quot;:1},&quot;560&quot;:{&quot;items&quot;:2},&quot;850&quot;:{&quot;items&quot;:3},&quot;1100&quot;:{&quot;items&quot;:3}}}\" data-aos-id=\"carousel:in\" data-aos=\"1\">\n                        <div class=\"pb-2 elementor-repeater-item-ccbcbf6\">\n            <a class=\"card card-category box-shadow mx-1\" href=\"#\">\n                <span class=\"badge badge-lg badge-floating badge-floating-right badge-success\">Precios flexibles<\/span>\n                <div class=\"card-img-top\">\n                    <img data-src=\"http:\/\/digitalspace.mx\/wp-content\/uploads\/2025\/01\/laptop.svg\" alt=\"Desarrollo bajo demanda\" src=\"data:image\/svg+xml;base64,PHN2ZyB3aWR0aD0iMSIgaGVpZ2h0PSIxIiB4bWxucz0iaHR0cDovL3d3dy53My5vcmcvMjAwMC9zdmciPjwvc3ZnPg==\" class=\"lazyload\" \/>\n                <\/div>\n                <div class=\"card-body\">\n                  <h4 class=\"card-title\">Desarrollo bajo demanda<\/h4>\n                <\/div>\n            <\/a>\n        <\/div>\n            <div class=\"pb-2 elementor-repeater-item-ab6e3ec\">\n            <a class=\"card card-category box-shadow mx-1\" href=\"#\">\n                <span class=\"badge badge-lg badge-floating badge-floating-right badge-success\">$265 por sitio \/ Mes<\/span>\n                <div class=\"card-img-top\">\n                    <img data-src=\"http:\/\/digitalspace.mx\/wp-content\/uploads\/2025\/01\/search-1.svg\" alt=\"Monitoreo proactivo\" src=\"data:image\/svg+xml;base64,PHN2ZyB3aWR0aD0iMSIgaGVpZ2h0PSIxIiB4bWxucz0iaHR0cDovL3d3dy53My5vcmcvMjAwMC9zdmciPjwvc3ZnPg==\" class=\"lazyload\" \/>\n                <\/div>\n                <div class=\"card-body\">\n                  <h4 class=\"card-title\">Monitoreo proactivo<\/h4>\n                <\/div>\n            <\/a>\n        <\/div>\n            <div class=\"pb-2 elementor-repeater-item-f53d392\">\n            <a class=\"card card-category box-shadow mx-1\" href=\"#\">\n                <span class=\"badge badge-lg badge-floating badge-floating-right badge-success\">$11,900 por sitio \/ Evento<\/span>\n                <div class=\"card-img-top\">\n                    <img data-src=\"http:\/\/digitalspace.mx\/wp-content\/uploads\/2025\/01\/wifi-signal.svg\" alt=\"Optimizaci\u00f3n de velocidad\" src=\"data:image\/svg+xml;base64,PHN2ZyB3aWR0aD0iMSIgaGVpZ2h0PSIxIiB4bWxucz0iaHR0cDovL3d3dy53My5vcmcvMjAwMC9zdmciPjwvc3ZnPg==\" class=\"lazyload\" \/>\n                <\/div>\n                <div class=\"card-body\">\n                  <h4 class=\"card-title\">Optimizaci\u00f3n de velocidad<\/h4>\n                <\/div>\n            <\/a>\n        <\/div>\n            <div class=\"pb-2 elementor-repeater-item-7584d45\">\n            <a class=\"card card-category box-shadow mx-1\" href=\"#\">\n                <span class=\"badge badge-lg badge-floating badge-floating-right badge-success\">$7,500 por sitio \/ Evento<\/span>\n                <div class=\"card-img-top\">\n                    <img data-src=\"http:\/\/digitalspace.mx\/wp-content\/uploads\/2025\/01\/firewall.svg\" alt=\"Eliminaci\u00f3n de malware\" src=\"data:image\/svg+xml;base64,PHN2ZyB3aWR0aD0iMSIgaGVpZ2h0PSIxIiB4bWxucz0iaHR0cDovL3d3dy53My5vcmcvMjAwMC9zdmciPjwvc3ZnPg==\" class=\"lazyload\" \/>\n                <\/div>\n                <div class=\"card-body\">\n                  <h4 class=\"card-title\">Eliminaci\u00f3n de malware<\/h4>\n                <\/div>\n            <\/a>\n        <\/div>\n                    <\/div>\n            <\/div>\n        \t\t\t\t<\/div>\n\t\t\t\t<\/div>\n\t\t\t\t\t<\/div>\n\t\t\t\t<\/div>\n\t\t\t\t<section class=\"elementor-section elementor-top-section elementor-element elementor-element-5ad60ac3 elementor-section-boxed elementor-section-height-default elementor-section-height-default\" data-id=\"5ad60ac3\" data-element_type=\"section\">\n\t\t\t\t\t\t<div class=\"elementor-container elementor-column-gap-default pt-5 pl-0 pr-0\">\n\t\t\t\t\t<div class=\"elementor-column elementor-col-100 elementor-top-column elementor-element elementor-element-22fd8d8c p-0\" data-id=\"22fd8d8c\" data-element_type=\"column\">\n\t\t\t<div class=\"elementor-widget-wrap elementor-element-populated\">\n\t\t\t\t\t\t<section class=\"elementor-section elementor-inner-section elementor-element elementor-element-58abfe77 row elementor-row-justify-content-center no-gutters elementor-section-boxed elementor-section-height-default elementor-section-height-default\" data-id=\"58abfe77\" data-element_type=\"section\">\n\t\t\t\t\t\t<div class=\"elementor-container elementor-column-gap-default pl-0 pr-0 pt-2 pt-md-4\">\n\t\t\t\t\t<div class=\"elementor-column elementor-col-100 elementor-inner-column elementor-element elementor-element-2b5da75c col-lg-10  mx-auto\" data-id=\"2b5da75c\" data-element_type=\"column\">\n\t\t\t<div class=\"elementor-widget-wrap elementor-element-populated\">\n\t\t\t\t\t\t<div class=\"elementor-element elementor-element-99acd9e mb-0 elementor-widget elementor-widget-heading\" data-id=\"99acd9e\" data-element_type=\"widget\" data-widget_type=\"heading.default\">\n\t\t\t\t<div class=\"elementor-widget-container\">\n\t\t\t\t\t<h2 class=\"around-elementor-heading__title mb-2 h3 pb-4 text-center text-md-left default elementor-heading-title elementor-size-default\">Garant\u00eda WPMU DEV\n<br>Mantendremos su ticket de soporte abierto durante 7 d\u00edas despu\u00e9s de compartir nuestro informe final. Si se necesitan m\u00e1s ajustes, se incluir\u00e1n sin costo adicional.<\/br><\/h2>\t\t\t\t<\/div>\n\t\t\t\t<\/div>\n\t\t\t\t\t<\/div>\n\t\t<\/div>\n\t\t\t\t\t<\/div>\n\t\t<\/section>\n\t\t\t\t\t<\/div>\n\t\t<\/div>\n\t\t\t\t\t<\/div>\n\t\t<\/section>\n\t\t<div class=\"elementor-element elementor-element-4a2fb34 e-flex e-con-boxed e-con e-parent\" data-id=\"4a2fb34\" data-element_type=\"container\" data-settings=\"{&quot;background_background&quot;:&quot;classic&quot;}\">\n\t\t\t\t\t<div class=\"e-con-inner\">\n\t\t\t\t<div class=\"elementor-element elementor-element-1248983 mt-1 mb-0 elementor-widget elementor-widget-heading\" data-id=\"1248983\" data-element_type=\"widget\" data-widget_type=\"heading.default\">\n\t\t\t\t<div class=\"elementor-widget-container\">\n\t\t\t\t\t<h2 class=\"around-elementor-heading__title text-center mb-0 default elementor-heading-title elementor-size-default\">\u00bfPor qu\u00e9 nuestros expertos?<\/h2>\t\t\t\t<\/div>\n\t\t\t\t<\/div>\n\t\t<div class=\"elementor-element elementor-element-0785667 e-grid e-con-full e-con e-child\" data-id=\"0785667\" data-element_type=\"container\">\n\t\t\t\t<div class=\"elementor-element elementor-element-094d952 elementor-widget elementor-widget-call-to-action\" data-id=\"094d952\" data-element_type=\"widget\" data-widget_type=\"call-to-action.default\">\n\t\t\t\t<div class=\"elementor-widget-container\">\n\t\t\t\t\t \t\t\t\t<\/div>\n\t\t\t\t<\/div>\n\t\t\t\t<div class=\"elementor-element elementor-element-6cdf79f elementor-widget elementor-widget-call-to-action\" data-id=\"6cdf79f\" data-element_type=\"widget\" data-widget_type=\"call-to-action.default\">\n\t\t\t\t<div class=\"elementor-widget-container\">\n\t\t\t\t\t \t\t\t\t<\/div>\n\t\t\t\t<\/div>\n\t\t\t\t<div class=\"elementor-element elementor-element-1c42774 elementor-widget elementor-widget-call-to-action\" data-id=\"1c42774\" data-element_type=\"widget\" data-widget_type=\"call-to-action.default\">\n\t\t\t\t<div class=\"elementor-widget-container\">\n\t\t\t\t\t \t\t\t\t<\/div>\n\t\t\t\t<\/div>\n\t\t\t\t<\/div>\n\t\t\t\t\t<\/div>\n\t\t\t\t<\/div>\n\t\t\t\t<section class=\"elementor-section elementor-top-section elementor-element elementor-element-52689d0 container bg-overlay-content pt-5 pt-md-6 pt-lg-7 elementor-section-boxed elementor-section-height-default elementor-section-height-default\" data-id=\"52689d0\" data-element_type=\"section\">\n\t\t\t\t\t\t<div class=\"elementor-container elementor-column-gap-default\">\n\t\t\t\t\t<div class=\"elementor-column elementor-col-100 elementor-top-column elementor-element elementor-element-d5df217\" data-id=\"d5df217\" data-element_type=\"column\">\n\t\t\t<div class=\"elementor-widget-wrap\">\n\t\t\t\t\t\t\t<\/div>\n\t\t<\/div>\n\t\t\t\t\t<\/div>\n\t\t<\/section>\n\t\t<div class=\"elementor-element elementor-element-565fd9f e-con-full e-flex e-con e-parent\" data-id=\"565fd9f\" data-element_type=\"container\">\n\t\t\t\t<div class=\"elementor-element elementor-element-6f7b83e elementor-widget elementor-widget-slides\" data-id=\"6f7b83e\" data-element_type=\"widget\" data-widget_type=\"slides.default\">\n\t\t\t\t<div class=\"elementor-widget-container\">\n\t\t\t\t\t \t\t\t\t<\/div>\n\t\t\t\t<\/div>\n\t\t\t\t<\/div>\n\t\t\t\t<\/div>","protected":false},"excerpt":{"rendered":"<p>\ud83d\ude80 Transformamos tus ideas Servicios Expertos Cotizaci\u00f3n de Proyectos Servicios Adicionales Nuestros experimentados expertos internos en WordPress se encargar\u00e1n de los problemas complejos o problem\u00e1ticos del sitio para que usted no tenga que hacerlo. Precios flexibles Desarrollo bajo demanda $265 por sitio \/ Mes Monitoreo proactivo $11,900 por sitio \/ Evento Optimizaci\u00f3n de velocidad $7,500 [&hellip;]<\/p>","protected":false},"author":1,"featured_media":0,"parent":23741,"menu_order":0,"comment_status":"closed","ping_status":"closed","template":"elementor_header_footer","meta":{"footnotes":""},"class_list":["post-25599","page","type-page","status-publish","hentry"],"_links":{"self":[{"href":"https:\/\/digitalspace.mx\/en\/wp-json\/wp\/v2\/pages\/25599","targetHints":{"allow":["GET"]}}],"collection":[{"href":"https:\/\/digitalspace.mx\/en\/wp-json\/wp\/v2\/pages"}],"about":[{"href":"https:\/\/digitalspace.mx\/en\/wp-json\/wp\/v2\/types\/page"}],"author":[{"embeddable":true,"href":"https:\/\/digitalspace.mx\/en\/wp-json\/wp\/v2\/users\/1"}],"replies":[{"embeddable":true,"href":"https:\/\/digitalspace.mx\/en\/wp-json\/wp\/v2\/comments?post=25599"}],"version-history":[{"count":0,"href":"https:\/\/digitalspace.mx\/en\/wp-json\/wp\/v2\/pages\/25599\/revisions"}],"up":[{"embeddable":true,"href":"https:\/\/digitalspace.mx\/en\/wp-json\/wp\/v2\/pages\/23741"}],"wp:attachment":[{"href":"https:\/\/digitalspace.mx\/en\/wp-json\/wp\/v2\/media?parent=25599"}],"curies":[{"name":"wp","href":"https:\/\/api.w.org\/{rel}","templated":true}]}}